{"id":192088,"date":"2023-09-21T13:07:01","date_gmt":"2023-09-21T12:07:01","guid":{"rendered":"https:\/\/www.piscorealestate.com\/?page_id=192088"},"modified":"2026-04-22T08:44:19","modified_gmt":"2026-04-22T07:44:19","slug":"posao","status":"publish","type":"page","link":"https:\/\/www.piscorealestate.com\/en\/posao\/","title":{"rendered":"Posao"},"content":{"rendered":"<p><a title=\"PiscoRealEstate\" href=\"https:\/\/www.piscorealestate.com\"><br \/>\n\t\t\t\t\t<img decoding=\"async\" alt=\"PiscoRealEstate\" src=\"https:\/\/sample.realhomes.io\/demo05\/wp-content\/uploads\/sites\/9\/2022\/05\/rh-logo.png\" srcset=\"https:\/\/sample.realhomes.io\/demo05\/wp-content\/uploads\/sites\/9\/2022\/05\/rh-logo.png, https:\/\/sample.realhomes.io\/demo05\/wp-content\/uploads\/sites\/9\/2022\/05\/rh-logo-retina.png 2x\" title=\"\">                <\/a><\/p>\n<ul id=\"rhea-icon-list-2ff12e40\">\n<li>\n\t\t\t\t\t<ahref=\"tel:\/\/1-800-555-1234\"><br \/>\n\t\t\t\t\t\t\t<svg aria-hidden=\"true\" viewBox=\"0 0 512 512\" xmlns=\"http:\/\/www.w3.org\/2000\/svg\"><path d=\"M497.39 361.8l-112-48a24 24 0 0 0-28 6.9l-49.6 60.6A370.66 370.66 0 0 1 130.6 204.11l60.6-49.6a23.94 23.94 0 0 0 6.9-28l-48-112A24.16 24.16 0 0 0 122.6.61l-104 24A24 24 0 0 0 0 48c0 256.5 207.9 464 464 464a24 24 0 0 0 23.4-18.6l24-104a24.29 24.29 0 0 0-14.01-27.6z\"><\/path><\/svg><br \/>\n\t\t\t\t\t                     1-800-555-1234<br \/>\n\t\t\t\t\t<\/a>\n\t\t\t\t\t                <\/li>\n<\/ul>\n<p>\t\t\t\t\t<a href=\"https:\/\/www.facebook.com\/InspiryThemes\/\" target=\"_blank\" rel=\"noopener\"><br \/>\n\t\t\t\t\t\tFacebook<br \/>\n\t\t\t\t\t\t<svg aria-hidden=\"true\" viewBox=\"0 0 512 512\" xmlns=\"http:\/\/www.w3.org\/2000\/svg\"><path d=\"M504 256C504 119 393 8 256 8S8 119 8 256c0 123.78 90.69 226.38 209.25 245V327.69h-63V256h63v-54.64c0-62.15 37-96.48 93.67-96.48 27.14 0 55.52 4.84 55.52 4.84v61h-31.28c-30.8 0-40.41 19.12-40.41 38.73V256h68.78l-11 71.69h-57.78V501C413.31 482.38 504 379.78 504 256z\"><\/path><\/svg>\t\t\t\t\t<\/a><br \/>\n\t\t\t\t\t<a href=\"https:\/\/twitter.com\/inspirythemes\" target=\"_blank\" rel=\"noopener\"><br \/>\n\t\t\t\t\t\tTwitter<br \/>\n\t\t\t\t\t\t<svg aria-hidden=\"true\" viewBox=\"0 0 512 512\" xmlns=\"http:\/\/www.w3.org\/2000\/svg\"><path d=\"M459.37 151.716c.325 4.548.325 9.097.325 13.645 0 138.72-105.583 298.558-298.558 298.558-59.452 0-114.68-17.219-161.137-47.106 8.447.974 16.568 1.299 25.34 1.299 49.055 0 94.213-16.568 130.274-44.832-46.132-.975-84.792-31.188-98.112-72.772 6.498.974 12.995 1.624 19.818 1.624 9.421 0 18.843-1.3 27.614-3.573-48.081-9.747-84.143-51.98-84.143-102.985v-1.299c13.969 7.797 30.214 12.67 47.431 13.319-28.264-18.843-46.781-51.005-46.781-87.391 0-19.492 5.197-37.36 14.294-52.954 51.655 63.675 129.3 105.258 216.365 109.807-1.624-7.797-2.599-15.918-2.599-24.04 0-57.828 46.782-104.934 104.934-104.934 30.213 0 57.502 12.67 76.67 33.137 23.715-4.548 46.456-13.32 66.599-25.34-7.798 24.366-24.366 44.833-46.132 57.827 21.117-2.273 41.584-8.122 60.426-16.243-14.292 20.791-32.161 39.308-52.628 54.253z\"><\/path><\/svg>\t\t\t\t\t<\/a><br \/>\n\t\t\t\t\t<a href=\"https:\/\/www.youtube.com\/user\/Envato\" target=\"_blank\" rel=\"noopener\"><br \/>\n\t\t\t\t\t\tYoutube<br \/>\n\t\t\t\t\t\t<svg aria-hidden=\"true\" viewBox=\"0 0 576 512\" xmlns=\"http:\/\/www.w3.org\/2000\/svg\"><path d=\"M549.655 124.083c-6.281-23.65-24.787-42.276-48.284-48.597C458.781 64 288 64 288 64S117.22 64 74.629 75.486c-23.497 6.322-42.003 24.947-48.284 48.597-11.412 42.867-11.412 132.305-11.412 132.305s0 89.438 11.412 132.305c6.281 23.65 24.787 41.5 48.284 47.821C117.22 448 288 448 288 448s170.78 0 213.371-11.486c23.497-6.321 42.003-24.171 48.284-47.821 11.412-42.867 11.412-132.305 11.412-132.305s0-89.438-11.412-132.305zm-317.51 213.508V175.185l142.739 81.205-142.739 81.201z\"><\/path><\/svg>\t\t\t\t\t<\/a><\/p>\n<ul id=\"rhea-menu-3c164693\">\n<li id=\"menu-item-191727\"><a href=\"https:\/\/www.piscorealestate.com\/home\/\">Po\u010detna<\/a><\/li>\n<li id=\"menu-item-135657\"><a href=\"https:\/\/www.piscorealestate.com\/posao\/\">Zaposlenje<\/a><\/li>\n<li id=\"menu-item-140552\"><a href=\"https:\/\/www.piscorealestate.com\/en\/zapocnimo-saradnju\/\">Zapo\u010dnimo saradnju<\/a><\/li>\n<li id=\"menu-item-191886\"><a href=\"https:\/\/www.piscorealestate.com\/blog\/\">Blog<\/a><\/li>\n<\/ul>\n<ul id=\"menu-crnogorski-meni-engleski\">\n<li id=\"menu-item-191690\"><a href=\"https:\/\/www.piscorealestate.com\/en\/\">Home<\/a><\/li>\n<li id=\"menu-item-191874\"><a href=\"https:\/\/www.piscorealestate.com\/en\/?page_id=191873\">Blog<\/a><\/li>\n<li id=\"menu-item-191973\"><a href=\"https:\/\/www.piscorealestate.com\/en\/blog\/\">Blog<\/a><\/li>\n<li id=\"menu-item-192090\"><a href=\"https:\/\/www.piscorealestate.com\/en\/posao\/\">Posao<\/a><\/li>\n<\/ul>\n<h1 style=\"text-align: center;\"><\/h1>\n<p>Ukoliko ste komunikativni, energi\u010dni,\u00a0 volite rad u timu i imate iskustva u radu sa nekretninama nudimo vam dobre uslove i otvorenu poziciju. Ponudu sa va\u0161om radnom biografijom \u0161aljite na info@piscorealestate.com. Za sva dodatna pitanja budite slobodni da nas kontaktirate na 069 684 573<\/p>\n","protected":false},"excerpt":{"rendered":"<p>1-800-555-1234 Facebook Twitter Youtube Po\u010detna Zaposlenje Zapo\u010dnimo saradnju Blog Home Blog Blog Posao Ukoliko ste komunikativni, energi\u010dni,\u00a0 volite rad u timu i imate iskustva u radu sa nekretninama nudimo vam dobre uslove i otvorenu poziciju. Ponudu sa va\u0161om radnom biografijom \u0161aljite na info@piscorealestate.com. Za sva dodatna pitanja budite slobodni da nas kontaktirate na 069 684&#8230;<\/p>\n","protected":false},"author":1,"featured_media":0,"parent":0,"menu_order":21,"comment_status":"closed","ping_status":"closed","template":"","meta":{"footnotes":""},"class_list":["post-192088","page","type-page","status-publish","hentry"],"_links":{"self":[{"href":"https:\/\/www.piscorealestate.com\/en\/wp-json\/wp\/v2\/pages\/192088","targetHints":{"allow":["GET"]}}],"collection":[{"href":"https:\/\/www.piscorealestate.com\/en\/wp-json\/wp\/v2\/pages"}],"about":[{"href":"https:\/\/www.piscorealestate.com\/en\/wp-json\/wp\/v2\/types\/page"}],"author":[{"embeddable":true,"href":"https:\/\/www.piscorealestate.com\/en\/wp-json\/wp\/v2\/users\/1"}],"replies":[{"embeddable":true,"href":"https:\/\/www.piscorealestate.com\/en\/wp-json\/wp\/v2\/comments?post=192088"}],"version-history":[{"count":0,"href":"https:\/\/www.piscorealestate.com\/en\/wp-json\/wp\/v2\/pages\/192088\/revisions"}],"wp:attachment":[{"href":"https:\/\/www.piscorealestate.com\/en\/wp-json\/wp\/v2\/media?parent=192088"}],"curies":[{"name":"wp","href":"https:\/\/api.w.org\/{rel}","templated":true}]}}